{"id":294,"date":"2022-05-05T13:08:09","date_gmt":"2022-05-05T11:08:09","guid":{"rendered":"https:\/\/cerfonet.wpcomstaging.com\/?page_id=294"},"modified":"2025-02-03T10:02:59","modified_gmt":"2025-02-03T09:02:59","slug":"politica-de-privacidad","status":"publish","type":"page","link":"https:\/\/cerfo.net\/index.php\/politica-de-privacidad\/","title":{"rendered":"Pol\u00edtica de privacidad"},"content":{"rendered":"\t\t<div data-elementor-type=\"wp-page\" data-elementor-id=\"294\" class=\"elementor elementor-294\">\n\t\t\t\t\t\t<section class=\"elementor-section elementor-top-section elementor-element elementor-element-287ca066 elementor-section-boxed elementor-section-height-default elementor-section-height-default\" data-id=\"287ca066\" data-element_type=\"section\" data-e-type=\"section\">\n\t\t\t\t\t\t<div class=\"elementor-container elementor-column-gap-default\">\n\t\t\t\t\t<div class=\"elementor-column elementor-col-100 elementor-top-column elementor-element elementor-element-26ae47b9\" data-id=\"26ae47b9\" data-element_type=\"column\" data-e-type=\"column\">\n\t\t\t<div class=\"elementor-widget-wrap elementor-element-populated\">\n\t\t\t\t\t\t<div class=\"elementor-element elementor-element-7f336ccd elementor-widget__width-initial elementor-widget elementor-widget-text-editor\" data-id=\"7f336ccd\" data-element_type=\"widget\" data-e-type=\"widget\" data-widget_type=\"text-editor.default\">\n\t\t\t\t<div class=\"elementor-widget-container\">\n\t\t\t\t\t\t\t\t\t<p><strong>POLITICA PRIVACIDAD<\/strong><\/p>\n<p>\u00a0<\/p>\n<p>CENTRO EUROPEO DE RECICLAJE FOTOVOLTAICO S.L. en cumplimiento de lo establecido en el Reglamento General de Protecci\u00f3n de datos (RGPD 2016\/679) y la Ley de Protecci\u00f3n de Datos Personales y garant\u00eda de los derechos digitales (LO 3\/2018), informa a los usuarios de la p\u00e1gina web https:\/\/cerfo.net\/:<\/p>\n<p>\u00a0<\/p>\n<p><strong>1.- \u00bfQui\u00e9n es el responsable del tratamiento de sus datos?<\/strong><\/p>\n<p><strong>\u00a0<\/strong><\/p>\n<p>CENTRO EUROPEO DE RECICLAJE FOTOVOLTAICO S.L. con CIF B05381025 y domicilio a efectos de notificaciones en Paseo Isabel La Cat\u00f3lica, n\u00ba 6, oficina 16, 50009 de Zaragoza.<\/p>\n<p>Puede contactar llamando al 635376701 o a trav\u00e9s del correo electr\u00f3nico rgpd@ibersyd.com.<\/p>\n<p>\u00a0<\/p>\n<p><strong>2.- \u00bfCon que finalidad recogemos sus datos y base jur\u00eddica parar tratar sus datos?<\/strong><\/p>\n<p>\u00a0<\/p>\n<p><u>DATOS PERSONALES DE CLIENTES<\/u><\/p>\n<p><u>\u00a0<\/u><\/p>\n<p><strong>Finalidad:<\/strong> Presupuestar los servicios solicitados<\/p>\n<p><strong>Base Jur\u00eddica:<\/strong> Es la ejecuci\u00f3n de medidas precontractuales a petici\u00f3n del interesado (presupuestos)<\/p>\n<p>\u00a0<\/p>\n<p><strong>Finalidad:<\/strong> Prestaci\u00f3n de los servicios solicitados<\/p>\n<p><strong>Base Jur\u00eddica:<\/strong> Es la ejecuci\u00f3n de un contrato<\/p>\n<p><strong>\u00a0<\/strong><\/p>\n<p><strong>Finalidad:<\/strong> Gesti\u00f3n interna cliente-empresa<\/p>\n<p><strong>Base Jur\u00eddica:<\/strong> Es la obligaci\u00f3n legal de CENTRO EUROPEO DE RECICLAJE FOTOVOLTAICO S.L.de cumplir con sus obligaciones fiscales y tributarias<\/p>\n<p>\u00a0<\/p>\n<p><strong>Finalidad:<\/strong> Gesti\u00f3n administrativa de nuestra empresa<\/p>\n<p><strong>Base Jur\u00eddica:<\/strong> Es la ejecuci\u00f3n de un contrato<\/p>\n<p>\u00a0<\/p>\n<p><strong>Finalidad:<\/strong> Facturaci\u00f3n de los servicios solicitados, en su caso<\/p>\n<p><strong>Base Jur\u00eddica:<\/strong> Es la obligaci\u00f3n legal de CENTRO EUROPEO DE RECICLAJE FOTOVOLTAICO S.L. de cumplir con sus obligaciones fiscales y tributarias<\/p>\n<p>\u00a0<\/p>\n<p><u>DATOS PERSONALES DE CLIENTES POTENCIALES<\/u><\/p>\n<p><u>\u00a0<\/u><\/p>\n<p><strong>Finalidad:<\/strong> Presupuestar los servicios solicitados<\/p>\n<p><strong>Base Jur\u00eddica:<\/strong> Es la ejecuci\u00f3n de medidas precontractuales a petici\u00f3n del interesado (presupuestos)<\/p>\n<p>\u00a0<\/p>\n<p><u>DATOS PERSONALES DE PROVEEDORES<\/u><\/p>\n<p>\u00a0<\/p>\n<p><strong>Finalidad:<\/strong> Gesti\u00f3n del servicio prestado y\/o del aprovisionamiento de productos<\/p>\n<p><strong>Base Jur\u00eddica:<\/strong> Es la ejecuci\u00f3n de un contrato<\/p>\n<p>\u00a0<\/p>\n<p><strong>Finalidad:<\/strong> Gesti\u00f3n interna proveedor-empresa<\/p>\n<p><strong>Base Jur\u00eddica:<\/strong> Es la obligaci\u00f3n legal de CENTRO EUROPEO DE RECICLAJE FOTOVOLTAICO S.L.de cumplir con sus obligaciones fiscales y tributarias<\/p>\n<p>\u00a0<\/p>\n<p><strong>Finalidad:<\/strong> Gesti\u00f3n administrativa de nuestra empresa<\/p>\n<p><strong>Base Jur\u00eddica:<\/strong> Es la ejecuci\u00f3n de un contrato<\/p>\n<p>\u00a0<\/p>\n<p><strong>Finalidad:<\/strong> Pago de los servicios prestados, en su caso<\/p>\n<p><strong>Base Jur\u00eddica:<\/strong> Es la obligaci\u00f3n legal de CENTRO EUROPEO DE RECICLAJE FOTOVOLTAICO S.L.de cumplir con sus obligaciones fiscales y tributarias<\/p>\n<p><u>\u00a0<\/u><\/p>\n<p><u>DATOS PERSONALES DE CANDIDATOS<\/u><\/p>\n<p>\u00a0<\/p>\n<p>En caso de que el interesado nos haga llegar su curr\u00edculum sin que se haya producido una oferta de empleo (autocandidatura):<\/p>\n<p>\u00a0<\/p>\n<p><strong>Finalidad:<\/strong> Que el candidato pueda formar parte de los procesos de selecci\u00f3n realizados por CENTRO EUROPEO DE RECICLAJE FOTOVOLTAICO S.L.<\/p>\n<p><strong>Base Jur\u00eddica:<\/strong> Es el consentimiento del candidato<\/p>\n<p>\u00a0<\/p>\n<p>En caso de que el interesado nos haga llegar su curr\u00edculum por una oferta de empleo realizada por CENTRO EUROPEO DE RECICLAJE FOTOVOLTAICO S.L.:<\/p>\n<p>\u00a0<\/p>\n<p><strong>Finalidad:<\/strong> Que el candidato pueda formar parte del proceso de selecci\u00f3n iniciado por CENTRO EUROPEO DE RECICLAJE FOTOVOLTAICO S.L.<\/p>\n<p><strong>Base Jur\u00eddica:<\/strong> Son las medidas precontractuales a petici\u00f3n del candidato, en caso de no ser seleccionado y CENTRO EUROPEO DE RECICLAJE FOTOVOLTAICO S.L. quiera conservar el CV ser\u00e1 el consentimiento<\/p>\n<p>\u00a0<\/p>\n<p><u>DATOS PERSONALES RECOGIDOS EN NUESTRA P\u00c1GINA WEB<\/u><\/p>\n<p>\u00a0<\/p>\n<p>En esta p\u00e1gina web no se recogen datos de car\u00e1cter personal a trav\u00e9s de formularios. La finalidad de tratamiento en caso de que el usuario se ponga en contacto a trav\u00e9s de los correos electr\u00f3nicos publicados en la p\u00e1gina web es el siguiente:\u00a0<\/p>\n<p>\u00a0<\/p>\n<p><u>CORREO ELECTRONICO<\/u>:<\/p>\n<p>\u00a0<\/p>\n<p><strong>Finalidad:<\/strong> Si el usuario se pone en contacto a trav\u00e9s del correo electr\u00f3nico publicado en esta p\u00e1gina web, sus datos ser\u00e1n tratados para contestar las consultas planteadas y poderle enviar la informaci\u00f3n solicitada a trav\u00e9s del correo electr\u00f3nico a trav\u00e9s del cual se recibe la consulta<\/p>\n<p><strong>Base Jur\u00eddica:<\/strong> Es el inter\u00e9s leg\u00edtimo de nuestra empresa de responder a las comunicaciones recibidas<\/p>\n<p>\u00a0<\/p>\n<p><strong>3.- \u00bfQu\u00e9 categor\u00eda de datos tratamos?<\/strong><\/p>\n<p>\u00a0<\/p>\n<p>Los datos que se tratan, de forma enunciativa que no limitativa, se refieren a la categor\u00eda de datos identificativos, como pueden ser: Nombre y apellidos, Tel\u00e9fono, Direcci\u00f3n Postal, Empresa, Correo Electr\u00f3nico; datos econ\u00f3micos y financieros, como pueden ser: Datos Bancarios.<\/p>\n<p>\u00a0<\/p>\n<p><strong>4.- \u00bfCu\u00e1nto tiempo conservamos sus datos?<\/strong><\/p>\n<p>\u00a0<\/p>\n<p><u>DATOS PERSONALES DE CLIENTES Y PROVEEDORES<\/u><\/p>\n<p>\u00a0<\/p>\n<p>Los datos personales facilitados ser\u00e1n conservados mientras se mantenga la relaci\u00f3n comercial o el usuario solicite su supresi\u00f3n. Finalizada la relaci\u00f3n comercial los datos ser\u00e1n conservados mientras sea necesario para dar cumplimiento a las obligaciones legales. Una vez prescritas las responsabilidades derivadas de dichas obligaciones legales sus datos ser\u00e1n suprimidos.<\/p>\n<p><u>\u00a0<\/u><\/p>\n<p><u>DATOS PERSONALES DE CANDIDATOS<\/u><\/p>\n<p><strong>\u00a0<\/strong><\/p>\n<p>En caso de autocandidatura los datos facilitados por el candidato ser\u00e1n conservados durante 5 a\u00f1os.<\/p>\n<p>\u00a0<\/p>\n<p>En caso de oferta de trabajo los datos facilitados ser\u00e1n conservados mientras dure el proceso de selecci\u00f3n. Una vez finalizado el proceso los CV ser\u00e1n eliminados salvo que sea contratado. En caso de no ser contratado y CENTRO EUROPEO DE RECICLAJE FOTOVOLTAICO S.L. quiera conservar su CV le pediremos su consentimiento.<\/p>\n<p><u>\u00a0<\/u><\/p>\n<p><u>DATOS PERSONALES FORMULARIOS P\u00c1GINA WEB<\/u><\/p>\n<p>\u00a0<\/p>\n<p>Los datos recogidos a trav\u00e9s de los formularios de nuestra p\u00e1gina web ser\u00e1n conservados mientras sean necesarios para dar cumplimiento a la finalidad por la cual fueron recogidos o el usuario solicite su supresi\u00f3n.<\/p>\n<p><strong>\u00a0<\/strong><\/p>\n<p><strong>5.- \u00bfRealizamos perfiles con sus datos?<\/strong><\/p>\n<p>\u00a0<\/p>\n<p>Con la informaci\u00f3n facilitada por los candidatos a trav\u00e9s de su CV, CENTRO EUROPEO DE RECICLAJE FOTOVOLTAICO S.L. podr\u00e1 realizar perfiles con el fin de poder seleccionar el mejor candidato para un puesto de trabajo determinado.<\/p>\n<p><strong>\u00a0<\/strong><\/p>\n<p><strong>6.- \u00bfA qui\u00e9n cedemos sus datos?<\/strong><\/p>\n<p><strong>\u00a0<\/strong><\/p>\n<p>No se prev\u00e9n cesiones de datos a excepci\u00f3n de las autorizadas por la legislaci\u00f3n fiscal, mercantil y de telecomunicaciones, as\u00ed como en aquellos casos en los que una autoridad judicial nos lo requiera.<\/p>\n<p>\u00a0<\/p>\n<p>CENTRO EUROPEO DE RECICLAJE FOTOVOLTAICO S.L. puede compartir datos personales con empresas externas que prestan servicios al CENTRO EUROPEO DE RECICLAJE FOTOVOLTAICO S.L. Con todas estas empresas se formaliza un Contrato de Confidencialidad para garantizar el uso de datos personales de acuerdo a las exigencias de la normativa vigente en Protecci\u00f3n de Datos. A modo enunciativo y sin car\u00e1cter exhaustivo, estas empresas podr\u00e1n ser:<\/p>\n<p>\u00a0<\/p>\n<ul>\n<li>Asesor\u00eda Fiscal y Contable.<\/li>\n<li>Empresas Inform\u00e1ticas.<\/li>\n<\/ul>\n<p>\u00a0<\/p>\n<p><strong>7.- \u00bfQu\u00e9 terceros prestan servicios en esta web?<\/strong><\/p>\n<p>\u00a0<\/p>\n<p>Para el desarrollo de esta p\u00e1gina web se utilizan los siguientes proveedores de servicios:<\/p>\n<p>\u00a0<\/p>\n<p>Hosting: Los servidores donde est\u00e1 alojada nuestra p\u00e1gina web est\u00e1n ubicados en la UE. Utiliza protocolos seguros con lo que la comunicaci\u00f3n de datos se hace a trav\u00e9s de canal cifrado.<\/p>\n<p><strong>\u00a0<\/strong><\/p>\n<p><strong>8.- \u00bfQu\u00e9 derechos tiene y como ejercerlos?<\/strong><\/p>\n<p>\u00a0<\/p>\n<p>El usuario tiene derecho a <u>acceder<\/u> a sus datos personales, a solicitar la <u>rectificaci\u00f3n<\/u> de los que sean inexactos, as\u00ed como a su <u>supresi\u00f3n<\/u> cuando, entre otros motivos, ya no sean necesarios para los fines que fueron recogidos. En determinadas circunstancias, tambi\u00e9n podr\u00e1 solicitar la <u>limitaci\u00f3n<\/u> de su tratamiento, en cuyo caso \u00fanicamente se conservar\u00e1n para el ejercicio o la defensa de reclamaciones, as\u00ed como pedir la <u>portabilidad<\/u> de sus datos. Por motivos relacionados con su situaci\u00f3n particular, podr\u00e1 <u>oponerse<\/u> al tratamiento de los mismos y CENTRO EUROPEO DE RECICLAJE FOTOVOLTAICO S.L. dejar\u00e1 de tratarlos, salvo por motivos leg\u00edtimos imperiosos, o el ejercicio o la defensa de posibles reclamaciones.<\/p>\n<p>El solicitante podr\u00e1 <u>revocar los consentimientos<\/u> prestados en cualquier momento. El solicitante podr\u00e1 ejercer sus derechos a trav\u00e9s del correo electr\u00f3nico rgpd@ibersyd.com o en las oficinas situadas en Paseo Isabel La Cat\u00f3lica, n\u00ba 6, oficina 16, 50009 de Zaragoza, identific\u00e1ndose de forma fehaciente e indicando el derecho que ejercita. Ud. tambi\u00e9n podr\u00e1 presentar una reclamaci\u00f3n ante la Agencia Espa\u00f1ola de Protecci\u00f3n de Datos.<\/p>\n<p><strong>\u00a0<\/strong><\/p>\n<p><strong>9.- \u00bfQu\u00e9 medidas de seguridad tenemos implantadas?<\/strong><\/p>\n<p>\u00a0<\/p>\n<p>Dentro de nuestro compromiso por garantizar la seguridad y confidencialidad de sus datos de car\u00e1cter personal, le informamos que se han adoptado las medidas de \u00edndole t\u00e9cnica y organizativas necesarias para garantizar la seguridad de los datos de car\u00e1cter personal y evitar su alteraci\u00f3n, p\u00e9rdida, tratamiento o acceso no autorizado, habida cuenta del estado de la tecnolog\u00eda, la naturaleza de los datos almacenados y los riesgos a que est\u00e9n expuestos, seg\u00fan el Art. 32 del RGPD EU 679\/2016.<\/p>\n<p>\u00a0<\/p>\n<p><strong>10.- \u00bfC\u00f3mo funcionan nuestras redes sociales?<\/strong><\/p>\n<p>\u00a0<\/p>\n<p>A trav\u00e9s de nuestras redes sociales puedes compartir nuestros contenidos o dejarnos tus comentarios, fotos o v\u00eddeos, siempre que sean del inter\u00e9s para toda la comunidad.<\/p>\n<p>\u00a0<\/p>\n<p>Nuestras redes sociales est\u00e1n constantemente supervisadas con el fin de atender vuestras preguntas y comentarios en el menor tiempo posible.<\/p>\n<p>\u00a0<\/p>\n<p>Queremos que sea un espacio del que todos disfrutemos, por lo que es importante que entre todos respetemos unas normas de convivencia:<\/p>\n<p>\u00a0<\/p>\n<ol>\n<li>T\u00fa eres el responsable de los contenidos que publiques, no caigas en la violaci\u00f3n de cualquier derecho, ley o reglamento.<\/li>\n<\/ol>\n<p>\u00a0<\/p>\n<ol start=\"2\">\n<li>Cuida la redacci\u00f3n y el tono, evita publicar cualquier informaci\u00f3n abusiva, difamatoria u obscena.<\/li>\n<\/ol>\n<p>\u00a0<\/p>\n<ol start=\"3\">\n<li>Respeta el derecho a la privacidad, no hagas comentarios il\u00edcitos, ofensivos o discriminatorios sobre terceros.<\/li>\n<\/ol>\n<p>\u00a0<\/p>\n<ol start=\"4\">\n<li>Evita comentarios fraudulentos, enga\u00f1osos o que puedan inducir al error.<\/li>\n<\/ol>\n<p>\u00a0<\/p>\n<ol start=\"5\">\n<li>No permitimos el spam, ni los mensajes comerciales o publicitarios, no queremos mensajes repetitivos.<\/li>\n<\/ol>\n<p>\u00a0<\/p>\n<ol start=\"6\">\n<li>No mantendremos conversaciones con perfiles que podamos considerar como falsos.<\/li>\n<\/ol>\n<p>\u00a0<\/p>\n<p>Por favor, ten en cuenta que el contenido publicado por los seguidores en nuestras p\u00e1ginas no necesariamente refleja el punto de vista de nuestra empresa.<\/p>\n<p>\u00a0<\/p>\n<p>Si tus comentarios no cumplen las \u2018Normas de la casa\u2019, podr\u00e1n ser eliminados, ocultados o bloqueados. Cualquiera que publique contenidos no permitidos ser\u00e1 bloqueado de la comunidad.<\/p>\n<p>\u00a0<\/p>\n<p>Nos reservamos el derecho a modificar estas normas en cualquier momento y sin previo aviso.<\/p>\n<p><strong><u>\u00a0<\/u><\/strong><\/p>\n<p><!-- \/wp:paragraph --><\/p>\t\t\t\t\t\t\t\t<\/div>\n\t\t\t\t<\/div>\n\t\t\t\t\t<\/div>\n\t\t<\/div>\n\t\t\t\t\t<\/div>\n\t\t<\/section>\n\t\t\t\t<\/div>\n\t\t","protected":false},"excerpt":{"rendered":"<p>POLITICA PRIVACIDAD \u00a0 CENTRO EUROPEO DE RECICLAJE FOTOVOLTAICO S.L. en cumplimiento de lo establecido en el Reglamento General de Protecci\u00f3n de datos (RGPD 2016\/679) y la Ley de Protecci\u00f3n de Datos Personales y garant\u00eda de los derechos digitales (LO 3\/2018), informa a los usuarios de la p\u00e1gina web https:\/\/cerfo.net\/: \u00a0 1.- \u00bfQui\u00e9n es el responsable [&hellip;]<\/p>\n","protected":false},"author":2,"featured_media":0,"parent":0,"menu_order":0,"comment_status":"closed","ping_status":"closed","template":"","meta":{"footnotes":""},"class_list":["post-294","page","type-page","status-publish","hentry"],"yoast_head":"<!-- This site is optimized with the Yoast SEO plugin v22.9 - https:\/\/yoast.com\/wordpress\/plugins\/seo\/ -->\n<title>Pol\u00edtica de privacidad - CERFO<\/title>\n<meta name=\"robots\" content=\"index, follow, max-snippet:-1, max-image-preview:large, max-video-preview:-1\" \/>\n<link rel=\"canonical\" href=\"https:\/\/cerfo.net\/index.php\/politica-de-privacidad\/\" \/>\n<meta property=\"og:locale\" content=\"es_ES\" \/>\n<meta property=\"og:type\" content=\"article\" \/>\n<meta property=\"og:title\" content=\"Pol\u00edtica de privacidad - CERFO\" \/>\n<meta property=\"og:description\" content=\"POLITICA PRIVACIDAD \u00a0 CENTRO EUROPEO DE RECICLAJE FOTOVOLTAICO S.L. en cumplimiento de lo establecido en el Reglamento General de Protecci\u00f3n de datos (RGPD 2016\/679) y la Ley de Protecci\u00f3n de Datos Personales y garant\u00eda de los derechos digitales (LO 3\/2018), informa a los usuarios de la p\u00e1gina web https:\/\/cerfo.net\/: \u00a0 1.- \u00bfQui\u00e9n es el responsable [&hellip;]\" \/>\n<meta property=\"og:url\" content=\"https:\/\/cerfo.net\/index.php\/politica-de-privacidad\/\" \/>\n<meta property=\"og:site_name\" content=\"CERFO\" \/>\n<meta property=\"article:modified_time\" content=\"2025-02-03T09:02:59+00:00\" \/>\n<meta name=\"twitter:card\" content=\"summary_large_image\" \/>\n<meta name=\"twitter:label1\" content=\"Tiempo de lectura\" \/>\n\t<meta name=\"twitter:data1\" content=\"7 minutos\" \/>\n<script type=\"application\/ld+json\" class=\"yoast-schema-graph\">{\"@context\":\"https:\/\/schema.org\",\"@graph\":[{\"@type\":\"WebPage\",\"@id\":\"https:\/\/cerfo.net\/index.php\/politica-de-privacidad\/\",\"url\":\"https:\/\/cerfo.net\/index.php\/politica-de-privacidad\/\",\"name\":\"Pol\u00edtica de privacidad - CERFO\",\"isPartOf\":{\"@id\":\"https:\/\/cerfo.net\/#website\"},\"datePublished\":\"2022-05-05T11:08:09+00:00\",\"dateModified\":\"2025-02-03T09:02:59+00:00\",\"breadcrumb\":{\"@id\":\"https:\/\/cerfo.net\/index.php\/politica-de-privacidad\/#breadcrumb\"},\"inLanguage\":\"es\",\"potentialAction\":[{\"@type\":\"ReadAction\",\"target\":[\"https:\/\/cerfo.net\/index.php\/politica-de-privacidad\/\"]}]},{\"@type\":\"BreadcrumbList\",\"@id\":\"https:\/\/cerfo.net\/index.php\/politica-de-privacidad\/#breadcrumb\",\"itemListElement\":[{\"@type\":\"ListItem\",\"position\":1,\"name\":\"Portada\",\"item\":\"https:\/\/cerfo.net\/\"},{\"@type\":\"ListItem\",\"position\":2,\"name\":\"Pol\u00edtica de privacidad\"}]},{\"@type\":\"WebSite\",\"@id\":\"https:\/\/cerfo.net\/#website\",\"url\":\"https:\/\/cerfo.net\/\",\"name\":\"CERFO\",\"description\":\"Reciclaje de Placas Fotovolt\u00e1icas\",\"publisher\":{\"@id\":\"https:\/\/cerfo.net\/#organization\"},\"potentialAction\":[{\"@type\":\"SearchAction\",\"target\":{\"@type\":\"EntryPoint\",\"urlTemplate\":\"https:\/\/cerfo.net\/?s={search_term_string}\"},\"query-input\":\"required name=search_term_string\"}],\"inLanguage\":\"es\"},{\"@type\":\"Organization\",\"@id\":\"https:\/\/cerfo.net\/#organization\",\"name\":\"CERFO\",\"url\":\"https:\/\/cerfo.net\/\",\"logo\":{\"@type\":\"ImageObject\",\"inLanguage\":\"es\",\"@id\":\"https:\/\/cerfo.net\/#\/schema\/logo\/image\/\",\"url\":\"http:\/\/cerfo.net\/wp-content\/uploads\/2024\/03\/Cerfo_Pantone_BASELINE_positivo.png\",\"contentUrl\":\"http:\/\/cerfo.net\/wp-content\/uploads\/2024\/03\/Cerfo_Pantone_BASELINE_positivo.png\",\"width\":2186,\"height\":1205,\"caption\":\"CERFO\"},\"image\":{\"@id\":\"https:\/\/cerfo.net\/#\/schema\/logo\/image\/\"}}]}<\/script>\n<!-- \/ Yoast SEO plugin. -->","yoast_head_json":{"title":"Pol\u00edtica de privacidad - CERFO","robots":{"index":"index","follow":"follow","max-snippet":"max-snippet:-1","max-image-preview":"max-image-preview:large","max-video-preview":"max-video-preview:-1"},"canonical":"https:\/\/cerfo.net\/index.php\/politica-de-privacidad\/","og_locale":"es_ES","og_type":"article","og_title":"Pol\u00edtica de privacidad - CERFO","og_description":"POLITICA PRIVACIDAD \u00a0 CENTRO EUROPEO DE RECICLAJE FOTOVOLTAICO S.L. en cumplimiento de lo establecido en el Reglamento General de Protecci\u00f3n de datos (RGPD 2016\/679) y la Ley de Protecci\u00f3n de Datos Personales y garant\u00eda de los derechos digitales (LO 3\/2018), informa a los usuarios de la p\u00e1gina web https:\/\/cerfo.net\/: \u00a0 1.- \u00bfQui\u00e9n es el responsable [&hellip;]","og_url":"https:\/\/cerfo.net\/index.php\/politica-de-privacidad\/","og_site_name":"CERFO","article_modified_time":"2025-02-03T09:02:59+00:00","twitter_card":"summary_large_image","twitter_misc":{"Tiempo de lectura":"7 minutos"},"schema":{"@context":"https:\/\/schema.org","@graph":[{"@type":"WebPage","@id":"https:\/\/cerfo.net\/index.php\/politica-de-privacidad\/","url":"https:\/\/cerfo.net\/index.php\/politica-de-privacidad\/","name":"Pol\u00edtica de privacidad - CERFO","isPartOf":{"@id":"https:\/\/cerfo.net\/#website"},"datePublished":"2022-05-05T11:08:09+00:00","dateModified":"2025-02-03T09:02:59+00:00","breadcrumb":{"@id":"https:\/\/cerfo.net\/index.php\/politica-de-privacidad\/#breadcrumb"},"inLanguage":"es","potentialAction":[{"@type":"ReadAction","target":["https:\/\/cerfo.net\/index.php\/politica-de-privacidad\/"]}]},{"@type":"BreadcrumbList","@id":"https:\/\/cerfo.net\/index.php\/politica-de-privacidad\/#breadcrumb","itemListElement":[{"@type":"ListItem","position":1,"name":"Portada","item":"https:\/\/cerfo.net\/"},{"@type":"ListItem","position":2,"name":"Pol\u00edtica de privacidad"}]},{"@type":"WebSite","@id":"https:\/\/cerfo.net\/#website","url":"https:\/\/cerfo.net\/","name":"CERFO","description":"Reciclaje de Placas Fotovolt\u00e1icas","publisher":{"@id":"https:\/\/cerfo.net\/#organization"},"potentialAction":[{"@type":"SearchAction","target":{"@type":"EntryPoint","urlTemplate":"https:\/\/cerfo.net\/?s={search_term_string}"},"query-input":"required name=search_term_string"}],"inLanguage":"es"},{"@type":"Organization","@id":"https:\/\/cerfo.net\/#organization","name":"CERFO","url":"https:\/\/cerfo.net\/","logo":{"@type":"ImageObject","inLanguage":"es","@id":"https:\/\/cerfo.net\/#\/schema\/logo\/image\/","url":"http:\/\/cerfo.net\/wp-content\/uploads\/2024\/03\/Cerfo_Pantone_BASELINE_positivo.png","contentUrl":"http:\/\/cerfo.net\/wp-content\/uploads\/2024\/03\/Cerfo_Pantone_BASELINE_positivo.png","width":2186,"height":1205,"caption":"CERFO"},"image":{"@id":"https:\/\/cerfo.net\/#\/schema\/logo\/image\/"}}]}},"_links":{"self":[{"href":"https:\/\/cerfo.net\/index.php\/wp-json\/wp\/v2\/pages\/294","targetHints":{"allow":["GET"]}}],"collection":[{"href":"https:\/\/cerfo.net\/index.php\/wp-json\/wp\/v2\/pages"}],"about":[{"href":"https:\/\/cerfo.net\/index.php\/wp-json\/wp\/v2\/types\/page"}],"author":[{"embeddable":true,"href":"https:\/\/cerfo.net\/index.php\/wp-json\/wp\/v2\/users\/2"}],"replies":[{"embeddable":true,"href":"https:\/\/cerfo.net\/index.php\/wp-json\/wp\/v2\/comments?post=294"}],"version-history":[{"count":12,"href":"https:\/\/cerfo.net\/index.php\/wp-json\/wp\/v2\/pages\/294\/revisions"}],"predecessor-version":[{"id":1549,"href":"https:\/\/cerfo.net\/index.php\/wp-json\/wp\/v2\/pages\/294\/revisions\/1549"}],"wp:attachment":[{"href":"https:\/\/cerfo.net\/index.php\/wp-json\/wp\/v2\/media?parent=294"}],"curies":[{"name":"wp","href":"https:\/\/api.w.org\/{rel}","templated":true}]}}