{"id":14,"date":"2022-04-22T12:50:01","date_gmt":"2022-04-22T10:50:01","guid":{"rendered":"https:\/\/cerfonet.wpcomstaging.com\/?page_id=14"},"modified":"2024-06-20T09:46:22","modified_gmt":"2024-06-20T09:46:22","slug":"inicio","status":"publish","type":"page","link":"https:\/\/cerfo.net\/","title":{"rendered":""},"content":{"rendered":"\n<div class=\"wp-block-cover alignfull is-light eplus-wrapper\" style=\"min-height:671px;aspect-ratio:unset;\"><span aria-hidden=\"true\" class=\"wp-block-cover__background has-background-dim-0 has-background-dim\"><\/span><img fetchpriority=\"high\" decoding=\"async\" width=\"2048\" height=\"1024\" class=\"wp-block-cover__image-background wp-image-916\" alt=\"Weby CERFO-31\" src=\"http:\/\/cerfo.net\/wp-content\/uploads\/2022\/10\/Twitter-y-Web-IBERSYD-y-CERFO-31-1.png\" style=\"object-position:100% 100%\" data-object-fit=\"cover\" data-object-position=\"100% 100%\" srcset=\"https:\/\/cerfo.net\/wp-content\/uploads\/2022\/10\/Twitter-y-Web-IBERSYD-y-CERFO-31-1.png 2048w, https:\/\/cerfo.net\/wp-content\/uploads\/2022\/10\/Twitter-y-Web-IBERSYD-y-CERFO-31-1-300x150.png 300w, https:\/\/cerfo.net\/wp-content\/uploads\/2022\/10\/Twitter-y-Web-IBERSYD-y-CERFO-31-1-1024x512.png 1024w, https:\/\/cerfo.net\/wp-content\/uploads\/2022\/10\/Twitter-y-Web-IBERSYD-y-CERFO-31-1-768x384.png 768w, https:\/\/cerfo.net\/wp-content\/uploads\/2022\/10\/Twitter-y-Web-IBERSYD-y-CERFO-31-1-1536x768.png 1536w\" sizes=\"(max-width: 2048px) 100vw, 2048px\" \/><div class=\"wp-block-cover__inner-container is-layout-flow wp-block-cover-is-layout-flow\">\n<p class=\"has-text-align-right eplus-wrapper has-medium-font-size\">                       <em>\ud83c\udf96Premio Start Up Solar UNEF 2022<\/em>  <\/p>\n\n\n\n<p class=\"has-text-align-right eplus-wrapper has-medium-font-size\"><em>\ud83c\udf96Premio IDEA en la categor\u00eda Acelera 2023<\/em><\/p>\n\n\n\n<p class=\"has-text-align-right\">Declarado de inter\u00e9s auton\u00f3mico por el Gobierno de Arag\u00f3n<\/p>\n\n\n\n<p class=\"eplus-wrapper\"><\/p>\n\n\n\n<p class=\"eplus-wrapper\"><\/p>\n\n\n\n<h2 class=\"wp-block-heading eplus-wrapper\"><\/h2>\n\n\n\n<p class=\"eplus-wrapper\"><\/p>\n\n\n\n<p><\/p>\n<\/div><\/div>\n\n\n\n<p>El <strong>Centro Europeo de Reciclaje Fotovoltaico, CERFO<\/strong>, es una <em>start-up<\/em> de econom\u00eda circular que aplica investigaci\u00f3n e innovaci\u00f3n para reciclar y recuperar los materiales de los paneles fotovoltaicos que han cumplido su vida \u00fatil, para reintroducirlos al mercado productivo.&nbsp;<\/p>\n\n\n\n<p>En Europa se gestionan actualmente unas 15.000 toneladas del material de paneles fotovoltaicos, lo que en los pr\u00f3ximos a\u00f1os ser\u00e1 insuficiente. &nbsp;<\/p>\n\n\n\n<p><strong>CERFO<\/strong> contribuye a una transici\u00f3n energ\u00e9tica sostenible y disminuye el impacto ambiental de la energ\u00eda fotovoltaica, que seg\u00fan el Centro de Investigaciones Energ\u00e9ticas, Medioambientales y Tecnol\u00f3gicas, CIEMAT, generar\u00e1 en Espa\u00f1a entre 2022 &#8211; 2027 unas 10.000 toneladas anuales de residuos siendo su punto m\u00e1s alto previsto para 2028, unas 22.000 toneladas.&nbsp;<\/p>\n\n\n\n<p>CERFO se suma a la necesidad de caminar hacia una econom\u00eda m\u00e1s verde con el objetivo de impulsar la transici\u00f3n energ\u00e9tica a trav\u00e9s de un proyecto indispensable para generar un mercado fotovoltaico europeo de circularidad total a trav\u00e9s del reciclaje y la reutilizaci\u00f3n de componentes de los paneles solares.&nbsp;<\/p>\n\n\n\n<p>El objetivo es adelantarse al problema de acumulaci\u00f3n de residuos fotovoltaicos previsto para los pr\u00f3ximos a\u00f1os mediante la aplicaci\u00f3n de una tecnolog\u00eda y unos tratamientos que permitan una gesti\u00f3n adecuada de los residuos fotovoltaicos en Europa, teniendo en consideraci\u00f3n la gran cantidad de paneles que llegar\u00e1n al final de su vida \u00fatil antes de 2030. Para conseguirlo, este proyecto tiene por finalidad reciclar los m\u00f3dulos fotovoltaicos que han alcanzado su fin de vida \u00fatil, o est\u00e1n fuera de uso por rotura durante la operaci\u00f3n y mantenimiento de un parque fotovoltaico, mediante un proceso innovador y eficiente, que separa los paneles solares en materiales de alto valor para la industria.&nbsp;<\/p>\n\n\n\n<p class=\"has-text-align-center\"><strong>\u00daLTIMAS NOTICIAS<\/strong><\/p>\n\n\n<ul class=\"wp-block-latest-posts__list wp-block-latest-posts\"><li><a class=\"wp-block-latest-posts__post-title\" href=\"https:\/\/cerfo.net\/index.php\/2024\/11\/19\/cerfo-reconocida-como-una-de-las-101-empresas-mas-innovadoras-en-espana\/\">CERFO, reconocida como una de las 101 empresas m\u00e1s innovadoras en Espa\u00f1a<\/a><\/li>\n<li><a class=\"wp-block-latest-posts__post-title\" href=\"https:\/\/cerfo.net\/index.php\/2024\/11\/07\/cerfo-obtiene-las-ayudas-para-proyectos-idi-en-la-provincia-de-teruel\/\">CERFO obtiene las ayudas para proyectos I+D+i en la provincia de Teruel<\/a><\/li>\n<li><a class=\"wp-block-latest-posts__post-title\" href=\"https:\/\/cerfo.net\/index.php\/2024\/08\/19\/cerfo-participa-en-el-programa-feder\/\">CERFO participa Programa de Ayudas a la Industria y la Pyme en Arag\u00f3n<\/a><\/li>\n<li><a class=\"wp-block-latest-posts__post-title\" href=\"https:\/\/cerfo.net\/index.php\/2024\/06\/19\/cerfo-gana-el-premio-en-la-categoria-acelera-del-concurso-idea\/\">CERFO gana el premio en la categor\u00eda Acelera del concurso IDEA<\/a><\/li>\n<li><a class=\"wp-block-latest-posts__post-title\" href=\"https:\/\/cerfo.net\/index.php\/2024\/03\/19\/sostenibilidad-y-circularidad-nuestro-compromiso\/\">Sostenibilidad y circularidad. Nuestro compromiso.<\/a><\/li>\n<\/ul>","protected":false},"excerpt":{"rendered":"<p>P\u00e1gina de inicio del Centro Europeo de Reciclaje Fotovoltaico<\/p>\n","protected":false},"author":2,"featured_media":0,"parent":0,"menu_order":0,"comment_status":"closed","ping_status":"closed","template":"","meta":{"footnotes":""},"class_list":["post-14","page","type-page","status-publish","hentry"],"yoast_head":"<!-- This site is optimized with the Yoast SEO plugin v22.9 - https:\/\/yoast.com\/wordpress\/plugins\/seo\/ -->\n<title>- CERFO<\/title>\n<meta name=\"description\" content=\"Bienvenido\/a a CERFO, el Centro Europeo de Reciclaje Fotovoltaico. CERFO forma parte del Grupo IBERSYD.\" \/>\n<meta name=\"robots\" content=\"index, follow, max-snippet:-1, max-image-preview:large, max-video-preview:-1\" \/>\n<link rel=\"canonical\" href=\"https:\/\/cerfo.net\/\" \/>\n<meta property=\"og:locale\" content=\"es_ES\" \/>\n<meta property=\"og:type\" content=\"article\" \/>\n<meta property=\"og:title\" content=\"- CERFO\" \/>\n<meta property=\"og:description\" content=\"Bienvenido\/a a CERFO, el Centro Europeo de Reciclaje Fotovoltaico. CERFO forma parte del Grupo IBERSYD.\" \/>\n<meta property=\"og:url\" content=\"https:\/\/cerfo.net\/\" \/>\n<meta property=\"og:site_name\" content=\"CERFO\" \/>\n<meta property=\"article:modified_time\" content=\"2024-06-20T09:46:22+00:00\" \/>\n<meta property=\"og:image\" content=\"http:\/\/cerfo.net\/wp-content\/uploads\/2022\/10\/Twitter-y-Web-IBERSYD-y-CERFO-31-1.png\" \/>\n<meta name=\"twitter:card\" content=\"summary_large_image\" \/>\n<meta name=\"twitter:label1\" content=\"Tiempo de lectura\" \/>\n\t<meta name=\"twitter:data1\" content=\"1 minuto\" \/>\n<script type=\"application\/ld+json\" class=\"yoast-schema-graph\">{\"@context\":\"https:\/\/schema.org\",\"@graph\":[{\"@type\":\"WebPage\",\"@id\":\"https:\/\/cerfo.net\/\",\"url\":\"https:\/\/cerfo.net\/\",\"name\":\"- CERFO\",\"isPartOf\":{\"@id\":\"https:\/\/cerfo.net\/#website\"},\"primaryImageOfPage\":{\"@id\":\"https:\/\/cerfo.net\/#primaryimage\"},\"image\":{\"@id\":\"https:\/\/cerfo.net\/#primaryimage\"},\"thumbnailUrl\":\"http:\/\/cerfo.net\/wp-content\/uploads\/2022\/10\/Twitter-y-Web-IBERSYD-y-CERFO-31-1.png\",\"datePublished\":\"2022-04-22T10:50:01+00:00\",\"dateModified\":\"2024-06-20T09:46:22+00:00\",\"description\":\"Bienvenido\/a a CERFO, el Centro Europeo de Reciclaje Fotovoltaico. CERFO forma parte del Grupo IBERSYD.\",\"inLanguage\":\"es\",\"potentialAction\":[{\"@type\":\"ReadAction\",\"target\":[\"https:\/\/cerfo.net\/\"]}]},{\"@type\":\"ImageObject\",\"inLanguage\":\"es\",\"@id\":\"https:\/\/cerfo.net\/#primaryimage\",\"url\":\"https:\/\/cerfo.net\/wp-content\/uploads\/2022\/10\/Twitter-y-Web-IBERSYD-y-CERFO-31-1.png\",\"contentUrl\":\"https:\/\/cerfo.net\/wp-content\/uploads\/2022\/10\/Twitter-y-Web-IBERSYD-y-CERFO-31-1.png\",\"width\":2048,\"height\":1024,\"caption\":\"Weby CERFO-31\"},{\"@type\":\"WebSite\",\"@id\":\"https:\/\/cerfo.net\/#website\",\"url\":\"https:\/\/cerfo.net\/\",\"name\":\"CERFO\",\"description\":\"Reciclaje de Placas Fotovolt\u00e1icas\",\"publisher\":{\"@id\":\"https:\/\/cerfo.net\/#organization\"},\"potentialAction\":[{\"@type\":\"SearchAction\",\"target\":{\"@type\":\"EntryPoint\",\"urlTemplate\":\"https:\/\/cerfo.net\/?s={search_term_string}\"},\"query-input\":\"required name=search_term_string\"}],\"inLanguage\":\"es\"},{\"@type\":\"Organization\",\"@id\":\"https:\/\/cerfo.net\/#organization\",\"name\":\"CERFO\",\"url\":\"https:\/\/cerfo.net\/\",\"logo\":{\"@type\":\"ImageObject\",\"inLanguage\":\"es\",\"@id\":\"https:\/\/cerfo.net\/#\/schema\/logo\/image\/\",\"url\":\"http:\/\/cerfo.net\/wp-content\/uploads\/2024\/03\/Cerfo_Pantone_BASELINE_positivo.png\",\"contentUrl\":\"http:\/\/cerfo.net\/wp-content\/uploads\/2024\/03\/Cerfo_Pantone_BASELINE_positivo.png\",\"width\":2186,\"height\":1205,\"caption\":\"CERFO\"},\"image\":{\"@id\":\"https:\/\/cerfo.net\/#\/schema\/logo\/image\/\"}}]}<\/script>\n<!-- \/ Yoast SEO plugin. -->","yoast_head_json":{"title":"- CERFO","description":"Bienvenido\/a a CERFO, el Centro Europeo de Reciclaje Fotovoltaico. CERFO forma parte del Grupo IBERSYD.","robots":{"index":"index","follow":"follow","max-snippet":"max-snippet:-1","max-image-preview":"max-image-preview:large","max-video-preview":"max-video-preview:-1"},"canonical":"https:\/\/cerfo.net\/","og_locale":"es_ES","og_type":"article","og_title":"- CERFO","og_description":"Bienvenido\/a a CERFO, el Centro Europeo de Reciclaje Fotovoltaico. CERFO forma parte del Grupo IBERSYD.","og_url":"https:\/\/cerfo.net\/","og_site_name":"CERFO","article_modified_time":"2024-06-20T09:46:22+00:00","og_image":[{"url":"http:\/\/cerfo.net\/wp-content\/uploads\/2022\/10\/Twitter-y-Web-IBERSYD-y-CERFO-31-1.png"}],"twitter_card":"summary_large_image","twitter_misc":{"Tiempo de lectura":"1 minuto"},"schema":{"@context":"https:\/\/schema.org","@graph":[{"@type":"WebPage","@id":"https:\/\/cerfo.net\/","url":"https:\/\/cerfo.net\/","name":"- CERFO","isPartOf":{"@id":"https:\/\/cerfo.net\/#website"},"primaryImageOfPage":{"@id":"https:\/\/cerfo.net\/#primaryimage"},"image":{"@id":"https:\/\/cerfo.net\/#primaryimage"},"thumbnailUrl":"http:\/\/cerfo.net\/wp-content\/uploads\/2022\/10\/Twitter-y-Web-IBERSYD-y-CERFO-31-1.png","datePublished":"2022-04-22T10:50:01+00:00","dateModified":"2024-06-20T09:46:22+00:00","description":"Bienvenido\/a a CERFO, el Centro Europeo de Reciclaje Fotovoltaico. CERFO forma parte del Grupo IBERSYD.","inLanguage":"es","potentialAction":[{"@type":"ReadAction","target":["https:\/\/cerfo.net\/"]}]},{"@type":"ImageObject","inLanguage":"es","@id":"https:\/\/cerfo.net\/#primaryimage","url":"https:\/\/cerfo.net\/wp-content\/uploads\/2022\/10\/Twitter-y-Web-IBERSYD-y-CERFO-31-1.png","contentUrl":"https:\/\/cerfo.net\/wp-content\/uploads\/2022\/10\/Twitter-y-Web-IBERSYD-y-CERFO-31-1.png","width":2048,"height":1024,"caption":"Weby CERFO-31"},{"@type":"WebSite","@id":"https:\/\/cerfo.net\/#website","url":"https:\/\/cerfo.net\/","name":"CERFO","description":"Reciclaje de Placas Fotovolt\u00e1icas","publisher":{"@id":"https:\/\/cerfo.net\/#organization"},"potentialAction":[{"@type":"SearchAction","target":{"@type":"EntryPoint","urlTemplate":"https:\/\/cerfo.net\/?s={search_term_string}"},"query-input":"required name=search_term_string"}],"inLanguage":"es"},{"@type":"Organization","@id":"https:\/\/cerfo.net\/#organization","name":"CERFO","url":"https:\/\/cerfo.net\/","logo":{"@type":"ImageObject","inLanguage":"es","@id":"https:\/\/cerfo.net\/#\/schema\/logo\/image\/","url":"http:\/\/cerfo.net\/wp-content\/uploads\/2024\/03\/Cerfo_Pantone_BASELINE_positivo.png","contentUrl":"http:\/\/cerfo.net\/wp-content\/uploads\/2024\/03\/Cerfo_Pantone_BASELINE_positivo.png","width":2186,"height":1205,"caption":"CERFO"},"image":{"@id":"https:\/\/cerfo.net\/#\/schema\/logo\/image\/"}}]}},"_links":{"self":[{"href":"https:\/\/cerfo.net\/index.php\/wp-json\/wp\/v2\/pages\/14","targetHints":{"allow":["GET"]}}],"collection":[{"href":"https:\/\/cerfo.net\/index.php\/wp-json\/wp\/v2\/pages"}],"about":[{"href":"https:\/\/cerfo.net\/index.php\/wp-json\/wp\/v2\/types\/page"}],"author":[{"embeddable":true,"href":"https:\/\/cerfo.net\/index.php\/wp-json\/wp\/v2\/users\/2"}],"replies":[{"embeddable":true,"href":"https:\/\/cerfo.net\/index.php\/wp-json\/wp\/v2\/comments?post=14"}],"version-history":[{"count":37,"href":"https:\/\/cerfo.net\/index.php\/wp-json\/wp\/v2\/pages\/14\/revisions"}],"predecessor-version":[{"id":1495,"href":"https:\/\/cerfo.net\/index.php\/wp-json\/wp\/v2\/pages\/14\/revisions\/1495"}],"wp:attachment":[{"href":"https:\/\/cerfo.net\/index.php\/wp-json\/wp\/v2\/media?parent=14"}],"curies":[{"name":"wp","href":"https:\/\/api.w.org\/{rel}","templated":true}]}}