{"id":83,"date":"2022-04-25T09:30:49","date_gmt":"2022-04-25T07:30:49","guid":{"rendered":"https:\/\/cerfonet.wpcomstaging.com\/?page_id=83"},"modified":"2024-04-05T13:22:34","modified_gmt":"2024-04-05T13:22:34","slug":"compromiso-ambiental-2","status":"publish","type":"page","link":"http:\/\/cerfo.net\/index.php\/compromiso-ambiental-2\/","title":{"rendered":"Compromiso ambiental y social"},"content":{"rendered":"\n<div class=\"wp-block-cover alignfull is-light has-parallax eplus-wrapper\"><span aria-hidden=\"true\" class=\"wp-block-cover__background has-background-dim-0 has-background-dim\" style=\"background-color:#000000\"><\/span><div role=\"img\" class=\"wp-block-cover__image-background wp-image-85 has-parallax\" style=\"background-position:50% 50%;background-image:url(http:\/\/cerfo.net\/wp-content\/uploads\/2022\/04\/compromiso-ambiental.png)\"><\/div><div class=\"wp-block-cover__inner-container is-layout-flow wp-block-cover-is-layout-flow\">\n<p class=\"has-text-align-center eplus-wrapper has-large-font-size\"><\/p>\n<\/div><\/div>\n\n\n\n<div style=\"height:20px\" aria-hidden=\"true\" class=\"wp-block-spacer eplus-wrapper\"><\/div>\n\n\n\n<div class=\"wp-block-columns alignwide eplus-wrapper is-layout-flex wp-container-core-columns-is-layout-28f84493 wp-block-columns-is-layout-flex\">\n<div class=\"wp-block-column eplus-wrapper has-text-color has-link-color wp-elements-60b9e854310f586b7f2f78960a2443fc is-layout-flow wp-block-column-is-layout-flow\" style=\"color:#000000;padding-top:2em;padding-right:2em;padding-bottom:2em;padding-left:2em\">\n<p>La Econom\u00eda Circular, es definida por la Fundaci\u00f3n Ellen MacArthur, como \u201caquella que es restaurativa y regenerativa a prop\u00f3sito, y que trata de que los productos, componentes y materias mantengan su utilidad y valor m\u00e1ximos en todo momento, distinguiendo entre ciclos t\u00e9cnicos y biol\u00f3gicos. Este nuevo modelo econ\u00f3mico trata, en definitiva, de desvincular el desarrollo econ\u00f3mico global del consumo de recursos finitos\u201d (informe \u201cHacia una econom\u00eda circular\u201d).&nbsp;<\/p>\n\n\n\n<p>En CERFO, creemos que la transici\u00f3n energ\u00e9tica es indispensable para la descarbonizaci\u00f3n de la econom\u00eda y la mitigaci\u00f3n del cambio clim\u00e1tico, pero tambi\u00e9n generar\u00e1 un problema futuro al incrementar los residuos de la energ\u00eda fotovoltaica, considerando que los paneles fotovoltaicos tienen una vida \u00fatil de unos 25 a\u00f1os. En Europa se gestionan actualmente unas 15.000 toneladas del material de paneles fotovoltaicos, lo que en los pr\u00f3ximos a\u00f1os ser\u00e1 insuficiente.&nbsp;<\/p>\n\n\n\n<p>El proceso de econom\u00eda circular de <strong>CERFO<\/strong> contribuye a una transici\u00f3n energ\u00e9tica sostenible y disminuye el impacto ambiental de la energ\u00eda fotovoltaica porque:&nbsp;<\/p>\n\n\n\n<ul class=\"wp-block-list\">\n<li>Reciclar\u00e1 47.520 paneles al a\u00f1o, reduciendo la generaci\u00f3n de residuos de este sector.&nbsp;&nbsp;<\/li>\n\n\n\n<li>Recuperar\u00e1 y reutilizar\u00e1 el 90% de cada placa fotovoltaica en materiales de alto valor para la industria, disminuyendo la demanda de estas materias primas y protegiendo los recursos naturales.&nbsp;<\/li>\n\n\n\n<li>Reducir\u00e1 la huella de carbono del sector energ\u00e9tico renovable con la recirculaci\u00f3n de materias.&nbsp;<\/li>\n<\/ul>\n\n\n\n<p><strong>CERFO<\/strong> impulsa un mercado fotovoltaico europeo basado en la circularidad.&nbsp;<\/p>\n\n\n\n<figure class=\"wp-block-image aligncenter size-full is-resized eplus-wrapper\"><img fetchpriority=\"high\" decoding=\"async\" width=\"512\" height=\"512\" src=\"http:\/\/cerfo.net\/wp-content\/uploads\/2022\/06\/medioambiente.png\" alt=\"\" class=\"wp-image-537\" style=\"width:184px;height:184px\" srcset=\"http:\/\/cerfo.net\/wp-content\/uploads\/2022\/06\/medioambiente.png 512w, http:\/\/cerfo.net\/wp-content\/uploads\/2022\/06\/medioambiente-300x300.png 300w, http:\/\/cerfo.net\/wp-content\/uploads\/2022\/06\/medioambiente-150x150.png 150w\" sizes=\"(max-width: 512px) 100vw, 512px\" \/><\/figure>\n<\/div>\n<\/div>\n\n\n\n<div style=\"height:84px\" aria-hidden=\"true\" class=\"wp-block-spacer eplus-wrapper\"><\/div>\n","protected":false},"excerpt":{"rendered":"<p>La Econom\u00eda Circular, es definida por la Fundaci\u00f3n Ellen MacArthur, como \u201caquella que es restaurativa y regenerativa a prop\u00f3sito, y que trata de que los productos, componentes y materias mantengan su utilidad y valor m\u00e1ximos en todo momento, distinguiendo entre ciclos t\u00e9cnicos y biol\u00f3gicos. Este nuevo modelo econ\u00f3mico trata, en definitiva, de desvincular el desarrollo [&hellip;]<\/p>\n","protected":false},"author":2,"featured_media":0,"parent":0,"menu_order":0,"comment_status":"closed","ping_status":"closed","template":"","meta":{"footnotes":""},"class_list":["post-83","page","type-page","status-publish","hentry"],"yoast_head":"<!-- This site is optimized with the Yoast SEO plugin v22.9 - https:\/\/yoast.com\/wordpress\/plugins\/seo\/ -->\n<title>Compromiso ambiental y social - CERFO<\/title>\n<meta name=\"description\" content=\"Nuestro compromiso ambiental busca la consecuci\u00f3n de un futuro viable desde el punto de vista ambiental, social y econ\u00f3mico.\" \/>\n<meta name=\"robots\" content=\"index, follow, max-snippet:-1, max-image-preview:large, max-video-preview:-1\" \/>\n<link rel=\"canonical\" href=\"http:\/\/cerfo.net\/index.php\/compromiso-ambiental-2\/\" \/>\n<meta property=\"og:locale\" content=\"es_ES\" \/>\n<meta property=\"og:type\" content=\"article\" \/>\n<meta property=\"og:title\" content=\"Compromiso ambiental y social - CERFO\" \/>\n<meta property=\"og:description\" content=\"Nuestro compromiso ambiental busca la consecuci\u00f3n de un futuro viable desde el punto de vista ambiental, social y econ\u00f3mico.\" \/>\n<meta property=\"og:url\" content=\"http:\/\/cerfo.net\/index.php\/compromiso-ambiental-2\/\" \/>\n<meta property=\"og:site_name\" content=\"CERFO\" \/>\n<meta property=\"article:modified_time\" content=\"2024-04-05T13:22:34+00:00\" \/>\n<meta property=\"og:image\" content=\"http:\/\/cerfo.net\/wp-content\/uploads\/2022\/06\/medioambiente.png\" \/>\n<meta name=\"twitter:card\" content=\"summary_large_image\" \/>\n<meta name=\"twitter:label1\" content=\"Tiempo de lectura\" \/>\n\t<meta name=\"twitter:data1\" content=\"2 minutos\" \/>\n<script type=\"application\/ld+json\" class=\"yoast-schema-graph\">{\"@context\":\"https:\/\/schema.org\",\"@graph\":[{\"@type\":\"WebPage\",\"@id\":\"http:\/\/cerfo.net\/index.php\/compromiso-ambiental-2\/\",\"url\":\"http:\/\/cerfo.net\/index.php\/compromiso-ambiental-2\/\",\"name\":\"Compromiso ambiental y social - CERFO\",\"isPartOf\":{\"@id\":\"https:\/\/cerfo.net\/#website\"},\"primaryImageOfPage\":{\"@id\":\"http:\/\/cerfo.net\/index.php\/compromiso-ambiental-2\/#primaryimage\"},\"image\":{\"@id\":\"http:\/\/cerfo.net\/index.php\/compromiso-ambiental-2\/#primaryimage\"},\"thumbnailUrl\":\"http:\/\/cerfo.net\/wp-content\/uploads\/2022\/06\/medioambiente.png\",\"datePublished\":\"2022-04-25T07:30:49+00:00\",\"dateModified\":\"2024-04-05T13:22:34+00:00\",\"description\":\"Nuestro compromiso ambiental busca la consecuci\u00f3n de un futuro viable desde el punto de vista ambiental, social y econ\u00f3mico.\",\"breadcrumb\":{\"@id\":\"http:\/\/cerfo.net\/index.php\/compromiso-ambiental-2\/#breadcrumb\"},\"inLanguage\":\"es\",\"potentialAction\":[{\"@type\":\"ReadAction\",\"target\":[\"http:\/\/cerfo.net\/index.php\/compromiso-ambiental-2\/\"]}]},{\"@type\":\"ImageObject\",\"inLanguage\":\"es\",\"@id\":\"http:\/\/cerfo.net\/index.php\/compromiso-ambiental-2\/#primaryimage\",\"url\":\"http:\/\/cerfo.net\/wp-content\/uploads\/2022\/06\/medioambiente.png\",\"contentUrl\":\"http:\/\/cerfo.net\/wp-content\/uploads\/2022\/06\/medioambiente.png\",\"width\":512,\"height\":512},{\"@type\":\"BreadcrumbList\",\"@id\":\"http:\/\/cerfo.net\/index.php\/compromiso-ambiental-2\/#breadcrumb\",\"itemListElement\":[{\"@type\":\"ListItem\",\"position\":1,\"name\":\"Portada\",\"item\":\"http:\/\/cerfo.net\/\"},{\"@type\":\"ListItem\",\"position\":2,\"name\":\"Compromiso ambiental y social\"}]},{\"@type\":\"WebSite\",\"@id\":\"https:\/\/cerfo.net\/#website\",\"url\":\"https:\/\/cerfo.net\/\",\"name\":\"CERFO\",\"description\":\"Reciclaje de Placas Fotovolt\u00e1icas\",\"publisher\":{\"@id\":\"https:\/\/cerfo.net\/#organization\"},\"potentialAction\":[{\"@type\":\"SearchAction\",\"target\":{\"@type\":\"EntryPoint\",\"urlTemplate\":\"https:\/\/cerfo.net\/?s={search_term_string}\"},\"query-input\":\"required name=search_term_string\"}],\"inLanguage\":\"es\"},{\"@type\":\"Organization\",\"@id\":\"https:\/\/cerfo.net\/#organization\",\"name\":\"CERFO\",\"url\":\"https:\/\/cerfo.net\/\",\"logo\":{\"@type\":\"ImageObject\",\"inLanguage\":\"es\",\"@id\":\"https:\/\/cerfo.net\/#\/schema\/logo\/image\/\",\"url\":\"http:\/\/cerfo.net\/wp-content\/uploads\/2024\/03\/Cerfo_Pantone_BASELINE_positivo.png\",\"contentUrl\":\"http:\/\/cerfo.net\/wp-content\/uploads\/2024\/03\/Cerfo_Pantone_BASELINE_positivo.png\",\"width\":2186,\"height\":1205,\"caption\":\"CERFO\"},\"image\":{\"@id\":\"https:\/\/cerfo.net\/#\/schema\/logo\/image\/\"}}]}<\/script>\n<!-- \/ Yoast SEO plugin. -->","yoast_head_json":{"title":"Compromiso ambiental y social - CERFO","description":"Nuestro compromiso ambiental busca la consecuci\u00f3n de un futuro viable desde el punto de vista ambiental, social y econ\u00f3mico.","robots":{"index":"index","follow":"follow","max-snippet":"max-snippet:-1","max-image-preview":"max-image-preview:large","max-video-preview":"max-video-preview:-1"},"canonical":"http:\/\/cerfo.net\/index.php\/compromiso-ambiental-2\/","og_locale":"es_ES","og_type":"article","og_title":"Compromiso ambiental y social - CERFO","og_description":"Nuestro compromiso ambiental busca la consecuci\u00f3n de un futuro viable desde el punto de vista ambiental, social y econ\u00f3mico.","og_url":"http:\/\/cerfo.net\/index.php\/compromiso-ambiental-2\/","og_site_name":"CERFO","article_modified_time":"2024-04-05T13:22:34+00:00","og_image":[{"url":"http:\/\/cerfo.net\/wp-content\/uploads\/2022\/06\/medioambiente.png"}],"twitter_card":"summary_large_image","twitter_misc":{"Tiempo de lectura":"2 minutos"},"schema":{"@context":"https:\/\/schema.org","@graph":[{"@type":"WebPage","@id":"http:\/\/cerfo.net\/index.php\/compromiso-ambiental-2\/","url":"http:\/\/cerfo.net\/index.php\/compromiso-ambiental-2\/","name":"Compromiso ambiental y social - CERFO","isPartOf":{"@id":"https:\/\/cerfo.net\/#website"},"primaryImageOfPage":{"@id":"http:\/\/cerfo.net\/index.php\/compromiso-ambiental-2\/#primaryimage"},"image":{"@id":"http:\/\/cerfo.net\/index.php\/compromiso-ambiental-2\/#primaryimage"},"thumbnailUrl":"http:\/\/cerfo.net\/wp-content\/uploads\/2022\/06\/medioambiente.png","datePublished":"2022-04-25T07:30:49+00:00","dateModified":"2024-04-05T13:22:34+00:00","description":"Nuestro compromiso ambiental busca la consecuci\u00f3n de un futuro viable desde el punto de vista ambiental, social y econ\u00f3mico.","breadcrumb":{"@id":"http:\/\/cerfo.net\/index.php\/compromiso-ambiental-2\/#breadcrumb"},"inLanguage":"es","potentialAction":[{"@type":"ReadAction","target":["http:\/\/cerfo.net\/index.php\/compromiso-ambiental-2\/"]}]},{"@type":"ImageObject","inLanguage":"es","@id":"http:\/\/cerfo.net\/index.php\/compromiso-ambiental-2\/#primaryimage","url":"http:\/\/cerfo.net\/wp-content\/uploads\/2022\/06\/medioambiente.png","contentUrl":"http:\/\/cerfo.net\/wp-content\/uploads\/2022\/06\/medioambiente.png","width":512,"height":512},{"@type":"BreadcrumbList","@id":"http:\/\/cerfo.net\/index.php\/compromiso-ambiental-2\/#breadcrumb","itemListElement":[{"@type":"ListItem","position":1,"name":"Portada","item":"http:\/\/cerfo.net\/"},{"@type":"ListItem","position":2,"name":"Compromiso ambiental y social"}]},{"@type":"WebSite","@id":"https:\/\/cerfo.net\/#website","url":"https:\/\/cerfo.net\/","name":"CERFO","description":"Reciclaje de Placas Fotovolt\u00e1icas","publisher":{"@id":"https:\/\/cerfo.net\/#organization"},"potentialAction":[{"@type":"SearchAction","target":{"@type":"EntryPoint","urlTemplate":"https:\/\/cerfo.net\/?s={search_term_string}"},"query-input":"required name=search_term_string"}],"inLanguage":"es"},{"@type":"Organization","@id":"https:\/\/cerfo.net\/#organization","name":"CERFO","url":"https:\/\/cerfo.net\/","logo":{"@type":"ImageObject","inLanguage":"es","@id":"https:\/\/cerfo.net\/#\/schema\/logo\/image\/","url":"http:\/\/cerfo.net\/wp-content\/uploads\/2024\/03\/Cerfo_Pantone_BASELINE_positivo.png","contentUrl":"http:\/\/cerfo.net\/wp-content\/uploads\/2024\/03\/Cerfo_Pantone_BASELINE_positivo.png","width":2186,"height":1205,"caption":"CERFO"},"image":{"@id":"https:\/\/cerfo.net\/#\/schema\/logo\/image\/"}}]}},"_links":{"self":[{"href":"http:\/\/cerfo.net\/index.php\/wp-json\/wp\/v2\/pages\/83","targetHints":{"allow":["GET"]}}],"collection":[{"href":"http:\/\/cerfo.net\/index.php\/wp-json\/wp\/v2\/pages"}],"about":[{"href":"http:\/\/cerfo.net\/index.php\/wp-json\/wp\/v2\/types\/page"}],"author":[{"embeddable":true,"href":"http:\/\/cerfo.net\/index.php\/wp-json\/wp\/v2\/users\/2"}],"replies":[{"embeddable":true,"href":"http:\/\/cerfo.net\/index.php\/wp-json\/wp\/v2\/comments?post=83"}],"version-history":[{"count":4,"href":"http:\/\/cerfo.net\/index.php\/wp-json\/wp\/v2\/pages\/83\/revisions"}],"predecessor-version":[{"id":1418,"href":"http:\/\/cerfo.net\/index.php\/wp-json\/wp\/v2\/pages\/83\/revisions\/1418"}],"wp:attachment":[{"href":"http:\/\/cerfo.net\/index.php\/wp-json\/wp\/v2\/media?parent=83"}],"curies":[{"name":"wp","href":"https:\/\/api.w.org\/{rel}","templated":true}]}}